{"id":2476,"date":"2023-01-14T16:04:06","date_gmt":"2023-01-14T16:04:06","guid":{"rendered":"https:\/\/pamurtech.com\/?page_id=2476"},"modified":"2023-06-13T14:44:34","modified_gmt":"2023-06-13T14:44:34","slug":"elementor-2476","status":"publish","type":"page","link":"https:\/\/pamurtech.com\/?page_id=2476","title":{"rendered":"ACERCA DE NOSOTROS"},"content":{"rendered":"\t\t<div data-elementor-type=\"wp-page\" data-elementor-id=\"2476\" class=\"elementor elementor-2476\">\n\t\t\t\t\t\t<section class=\"elementor-section elementor-top-section elementor-element elementor-element-1bbe642 elementor-section-boxed elementor-section-height-default elementor-section-height-default\" data-id=\"1bbe642\" data-element_type=\"section\">\n\t\t\t\t\t\t<div class=\"elementor-container elementor-column-gap-default\">\n\t\t\t\t\t<div class=\"elementor-column elementor-col-100 elementor-top-column elementor-element elementor-element-7b07e90\" data-id=\"7b07e90\" data-element_type=\"column\">\n\t\t\t<div class=\"elementor-widget-wrap elementor-element-populated\">\n\t\t\t\t\t\t<div class=\"elementor-element elementor-element-2daa41b elementor-widget elementor-widget-heading\" data-id=\"2daa41b\" data-element_type=\"widget\" data-widget_type=\"heading.default\">\n\t\t\t\t<div class=\"elementor-widget-container\">\n\t\t\t\t\t<h1 class=\"elementor-heading-title elementor-size-default\">ACERCA DE NOSOTORS<\/h1>\t\t\t\t<\/div>\n\t\t\t\t<\/div>\n\t\t\t\t\t<\/div>\n\t\t<\/div>\n\t\t\t\t\t<\/div>\n\t\t<\/section>\n\t\t\t\t<section class=\"elementor-section elementor-top-section elementor-element elementor-element-e0d1fc4 elementor-section-boxed elementor-section-height-default elementor-section-height-default\" data-id=\"e0d1fc4\" data-element_type=\"section\">\n\t\t\t\t\t\t<div class=\"elementor-container elementor-column-gap-default\">\n\t\t\t\t\t<div class=\"elementor-column elementor-col-100 elementor-top-column elementor-element elementor-element-9a4cc0d\" data-id=\"9a4cc0d\" data-element_type=\"column\">\n\t\t\t<div class=\"elementor-widget-wrap elementor-element-populated\">\n\t\t\t\t\t\t<div class=\"elementor-element elementor-element-496196c elementor-position-top elementor-widget elementor-widget-image-box\" data-id=\"496196c\" data-element_type=\"widget\" data-widget_type=\"image-box.default\">\n\t\t\t\t<div class=\"elementor-widget-container\">\n\t\t\t\t\t<div class=\"elementor-image-box-wrapper\"><figure class=\"elementor-image-box-img\"><img decoding=\"async\" src=\"https:\/\/pamurtech.com\/wp-content\/uploads\/2023\/01\/IMG_20221230_211027.png\" title=\"\" alt=\"\" loading=\"lazy\" \/><\/figure><div class=\"elementor-image-box-content\"><h3 class=\"elementor-image-box-title\">\u00bfQUI\u00c9NES SOMOS?<\/h3><p class=\"elementor-image-box-description\"><em><strong>PAMUR TECH<\/strong>, un proyecto enfocado en brindar \nproductos y servicios tecnol\u00f3gicos de alta calidad a precios accesibles.\n Nuestra empresa se remonta al a\u00f1o 2018 fue idealizada como un \nemprendimiento, sin embargo \u00e9ste proyecto inicia sus actividades a \nfinales del a\u00f1o 2019 como respuesta a la necesidad productiva y \ntecnol\u00f3gica planteada por la pandemia de COVID-19 que nos propuso nuevos\n retos y enfoques. Actualmente somos partner oficial Microsoft, ESET, \nAvast, Kaspersky, Bitdefender, para garantizar la calidad de nuestros \nproductos trabajamos con marcas reconocidas a nivel mundial,&nbsp; nos \nmantenemos en constante innovaci\u00f3n y crecimiento para brindar \u00a1Los \nmejores productos al mejor precio!<\/em><\/p><\/div><\/div>\t\t\t\t<\/div>\n\t\t\t\t<\/div>\n\t\t\t\t\t<\/div>\n\t\t<\/div>\n\t\t\t\t\t<\/div>\n\t\t<\/section>\n\t\t\t\t<section class=\"elementor-section elementor-top-section elementor-element elementor-element-b0b4bdd elementor-section-boxed elementor-section-height-default elementor-section-height-default\" data-id=\"b0b4bdd\" data-element_type=\"section\">\n\t\t\t\t\t\t<div class=\"elementor-container elementor-column-gap-default\">\n\t\t\t\t\t<div class=\"elementor-column elementor-col-100 elementor-top-column elementor-element elementor-element-16a2cf5\" data-id=\"16a2cf5\" data-element_type=\"column\">\n\t\t\t<div class=\"elementor-widget-wrap elementor-element-populated\">\n\t\t\t\t\t\t<div class=\"elementor-element elementor-element-7fa3eef elementor-widget elementor-widget-text-editor\" data-id=\"7fa3eef\" data-element_type=\"widget\" data-widget_type=\"text-editor.default\">\n\t\t\t\t<div class=\"elementor-widget-container\">\n\t\t\t\t\t\t\t\t\t<p style=\"text-align: center;\"><em>Atentamente,<\/em><strong><em> Equipo PAMUR TECH<\/em><\/strong><\/p>\t\t\t\t\t\t\t\t<\/div>\n\t\t\t\t<\/div>\n\t\t\t\t\t<\/div>\n\t\t<\/div>\n\t\t\t\t\t<\/div>\n\t\t<\/section>\n\t\t\t\t<section class=\"elementor-section elementor-top-section elementor-element elementor-element-18510bb elementor-section-boxed elementor-section-height-default elementor-section-height-default\" data-id=\"18510bb\" data-element_type=\"section\">\n\t\t\t\t\t\t<div class=\"elementor-container elementor-column-gap-default\">\n\t\t\t\t\t<div class=\"elementor-column elementor-col-100 elementor-top-column elementor-element elementor-element-9c5a8b4\" data-id=\"9c5a8b4\" data-element_type=\"column\">\n\t\t\t<div class=\"elementor-widget-wrap elementor-element-populated\">\n\t\t\t\t\t\t<div class=\"elementor-element elementor-element-455b4f7 elementor-widget elementor-widget-image\" data-id=\"455b4f7\" data-element_type=\"widget\" data-widget_type=\"image.default\">\n\t\t\t\t<div class=\"elementor-widget-container\">\n\t\t\t\t\t\t\t\t\t\t\t\t\t\t\t<img decoding=\"async\" src=\"https:\/\/pamurtech.com\/wp-content\/uploads\/2023\/05\/27345580-1.png\" title=\"\" alt=\"\" loading=\"lazy\" \/>\t\t\t\t\t\t\t\t\t\t\t\t\t\t\t<\/div>\n\t\t\t\t<\/div>\n\t\t\t\t\t<\/div>\n\t\t<\/div>\n\t\t\t\t\t<\/div>\n\t\t<\/section>\n\t\t\t\t<\/div>\n\t\t","protected":false},"excerpt":{"rendered":"<p>ACERCA DE NOSOTORS \u00bfQUI\u00c9NES SOMOS?PAMUR TECH, un proyecto enfocado en brindar productos y servicios tecnol\u00f3gicos de alta calidad a precios accesibles. Nuestra empresa se remonta al a\u00f1o 2018 fue idealizada &#8230;<\/p>\n","protected":false},"author":21,"featured_media":0,"parent":0,"menu_order":0,"comment_status":"closed","ping_status":"closed","template":"","meta":{"footnotes":""},"class_list":["post-2476","page","type-page","status-publish","hentry"],"rise-blocks_excerpt":"ACERCA DE NOSOTORS \u00bfQUI\u00c9NES SOMOS?PAMUR TECH, un proyecto enfocado en brindar productos y servicios tecnol\u00f3gicos de alta calidad a precios accesibles. Nuestra empresa se remonta al a\u00f1o 2018 fue idealizada..","_links":{"self":[{"href":"https:\/\/pamurtech.com\/index.php?rest_route=\/wp\/v2\/pages\/2476","targetHints":{"allow":["GET"]}}],"collection":[{"href":"https:\/\/pamurtech.com\/index.php?rest_route=\/wp\/v2\/pages"}],"about":[{"href":"https:\/\/pamurtech.com\/index.php?rest_route=\/wp\/v2\/types\/page"}],"author":[{"embeddable":true,"href":"https:\/\/pamurtech.com\/index.php?rest_route=\/wp\/v2\/users\/21"}],"replies":[{"embeddable":true,"href":"https:\/\/pamurtech.com\/index.php?rest_route=%2Fwp%2Fv2%2Fcomments&post=2476"}],"version-history":[{"count":14,"href":"https:\/\/pamurtech.com\/index.php?rest_route=\/wp\/v2\/pages\/2476\/revisions"}],"predecessor-version":[{"id":2963,"href":"https:\/\/pamurtech.com\/index.php?rest_route=\/wp\/v2\/pages\/2476\/revisions\/2963"}],"wp:attachment":[{"href":"https:\/\/pamurtech.com\/index.php?rest_route=%2Fwp%2Fv2%2Fmedia&parent=2476"}],"curies":[{"name":"wp","href":"https:\/\/api.w.org\/{rel}","templated":true}]}}