{"id":2601,"date":"2023-03-01T15:48:27","date_gmt":"2023-03-01T15:48:27","guid":{"rendered":"https:\/\/pamurtech.com\/?page_id=2601"},"modified":"2024-01-31T19:41:51","modified_gmt":"2024-01-31T19:41:51","slug":"elementor-2601","status":"publish","type":"page","link":"https:\/\/pamurtech.com\/?page_id=2601","title":{"rendered":"Partner"},"content":{"rendered":"\t\t<div data-elementor-type=\"wp-page\" data-elementor-id=\"2601\" class=\"elementor elementor-2601\">\n\t\t\t\t\t\t<section class=\"elementor-section elementor-top-section elementor-element elementor-element-c83e101 elementor-section-boxed elementor-section-height-default elementor-section-height-default\" data-id=\"c83e101\" data-element_type=\"section\">\n\t\t\t\t\t\t<div class=\"elementor-container elementor-column-gap-default\">\n\t\t\t\t\t<div class=\"elementor-column elementor-col-100 elementor-top-column elementor-element elementor-element-f6d926c\" data-id=\"f6d926c\" data-element_type=\"column\">\n\t\t\t<div class=\"elementor-widget-wrap elementor-element-populated\">\n\t\t\t\t\t\t<div class=\"elementor-element elementor-element-df63b74 elementor-widget elementor-widget-heading\" data-id=\"df63b74\" data-element_type=\"widget\" data-widget_type=\"heading.default\">\n\t\t\t\t<div class=\"elementor-widget-container\">\n\t\t\t\t\t<h2 class=\"elementor-heading-title elementor-size-default\">SOMOS PARTNER Y RESELLER <\/h2>\t\t\t\t<\/div>\n\t\t\t\t<\/div>\n\t\t\t\t\t<\/div>\n\t\t<\/div>\n\t\t\t\t\t<\/div>\n\t\t<\/section>\n\t\t\t\t<section class=\"elementor-section elementor-top-section elementor-element elementor-element-e6d361d elementor-section-boxed elementor-section-height-default elementor-section-height-default\" data-id=\"e6d361d\" data-element_type=\"section\">\n\t\t\t\t\t\t<div class=\"elementor-container elementor-column-gap-default\">\n\t\t\t\t\t<div class=\"elementor-column elementor-col-100 elementor-top-column elementor-element elementor-element-2f0aef9\" data-id=\"2f0aef9\" data-element_type=\"column\">\n\t\t\t<div class=\"elementor-widget-wrap elementor-element-populated\">\n\t\t\t\t\t\t<div class=\"elementor-element elementor-element-b1f1bca elementor-widget elementor-widget-text-editor\" data-id=\"b1f1bca\" data-element_type=\"widget\" data-widget_type=\"text-editor.default\">\n\t\t\t\t<div class=\"elementor-widget-container\">\n\t\t\t\t\t\t\t\t\t<h4 class=\"elementor-heading-title elementor-size-default elementor-inline-editing pen\" style=\"text-align: center;\" contenteditable=\"true\" data-elementor-setting-key=\"title\" data-pen-placeholder=\"Teclea aqu\u00ed...\">PARA VENTA Y DISTRIBUCI\u00d3N DE LICENCIAMIENTO DE SOFTWARE\u200b<\/h4>\t\t\t\t\t\t\t\t<\/div>\n\t\t\t\t<\/div>\n\t\t\t\t<div class=\"elementor-element elementor-element-e69ebc8 elementor-widget elementor-widget-spacer\" data-id=\"e69ebc8\" data-element_type=\"widget\" data-widget_type=\"spacer.default\">\n\t\t\t\t<div class=\"elementor-widget-container\">\n\t\t\t\t\t\t\t<div class=\"elementor-spacer\">\n\t\t\t<div class=\"elementor-spacer-inner\"><\/div>\n\t\t<\/div>\n\t\t\t\t\t\t<\/div>\n\t\t\t\t<\/div>\n\t\t\t\t\t<\/div>\n\t\t<\/div>\n\t\t\t\t\t<\/div>\n\t\t<\/section>\n\t\t\t\t<section class=\"elementor-section elementor-top-section elementor-element elementor-element-6e84dbe elementor-section-boxed elementor-section-height-default elementor-section-height-default\" data-id=\"6e84dbe\" data-element_type=\"section\">\n\t\t\t\t\t\t<div class=\"elementor-container elementor-column-gap-default\">\n\t\t\t\t\t<div class=\"elementor-column elementor-col-33 elementor-top-column elementor-element elementor-element-0cfe27f\" data-id=\"0cfe27f\" data-element_type=\"column\">\n\t\t\t<div class=\"elementor-widget-wrap elementor-element-populated\">\n\t\t\t\t\t\t<div class=\"elementor-element elementor-element-514face elementor-widget elementor-widget-text-editor\" data-id=\"514face\" data-element_type=\"widget\" data-widget_type=\"text-editor.default\">\n\t\t\t\t<div class=\"elementor-widget-container\">\n\t\t\t\t\t\t\t\t\t<h3><img decoding=\"async\" class=\"alignnone size-full wp-image-3166\" src=\"https:\/\/pamurtech.com\/wp-content\/uploads\/2023\/09\/ESET_Partnerstatuslogo_Silver.png\" alt=\"\" width=\"300\" height=\"150\" \/><\/h3><h3 style=\"text-align: center;\">ESET<\/h3><p>Somos Partner y Reseller Autorizado para venta y distribuci\u00f3n de soluciones antivirus de ESET.<\/p><p>Tenemos disponibles:<\/p><p>-ESET NOD32 Antivirus<\/p><p>-ESET Internet Security<\/p><p>-Soluciones para empresas<\/p>\t\t\t\t\t\t\t\t<\/div>\n\t\t\t\t<\/div>\n\t\t\t\t\t<\/div>\n\t\t<\/div>\n\t\t\t\t<div class=\"elementor-column elementor-col-33 elementor-top-column elementor-element elementor-element-c1ea1da\" data-id=\"c1ea1da\" data-element_type=\"column\">\n\t\t\t<div class=\"elementor-widget-wrap elementor-element-populated\">\n\t\t\t\t\t\t<div class=\"elementor-element elementor-element-2a228d1 elementor-widget elementor-widget-text-editor\" data-id=\"2a228d1\" data-element_type=\"widget\" data-widget_type=\"text-editor.default\">\n\t\t\t\t<div class=\"elementor-widget-container\">\n\t\t\t\t\t\t\t\t\t<h3><img decoding=\"async\" class=\"alignnone  wp-image-3173\" src=\"https:\/\/pamurtech.com\/wp-content\/uploads\/2023\/09\/Screenshot_3-300x81.png\" alt=\"\" width=\"356\" height=\"96\" srcset=\"https:\/\/pamurtech.com\/wp-content\/uploads\/2023\/09\/Screenshot_3-300x81.png 300w, https:\/\/pamurtech.com\/wp-content\/uploads\/2023\/09\/Screenshot_3.png 479w\" sizes=\"(max-width: 356px) 100vw, 356px\" \/><\/h3><h3>\u00a0<\/h3><h3 style=\"text-align: center;\">MICROSOFT<\/h3><p>Somos Partner y Reseller Autorizado para venta y distribuci\u00f3n de soluciones de Microsoft.<\/p><p>Tenemos disponibles:<\/p><p>-Licencias Windows<\/p><p>-Licencias Office<\/p><p>-Licencias Office 365<\/p>\t\t\t\t\t\t\t\t<\/div>\n\t\t\t\t<\/div>\n\t\t\t\t\t<\/div>\n\t\t<\/div>\n\t\t\t\t<div class=\"elementor-column elementor-col-33 elementor-top-column elementor-element elementor-element-d28b798\" data-id=\"d28b798\" data-element_type=\"column\">\n\t\t\t<div class=\"elementor-widget-wrap elementor-element-populated\">\n\t\t\t\t\t\t<div class=\"elementor-element elementor-element-5d08f28 elementor-widget elementor-widget-text-editor\" data-id=\"5d08f28\" data-element_type=\"widget\" data-widget_type=\"text-editor.default\">\n\t\t\t\t<div class=\"elementor-widget-container\">\n\t\t\t\t\t\t\t\t\t<h3 style=\"text-align: center;\"><img decoding=\"async\" class=\"alignnone  wp-image-3169\" src=\"https:\/\/pamurtech.com\/wp-content\/uploads\/2023\/09\/Kaspersky-partner-ufficiale-300x226.png\" alt=\"\" width=\"113\" height=\"85\" srcset=\"https:\/\/pamurtech.com\/wp-content\/uploads\/2023\/09\/Kaspersky-partner-ufficiale-300x226.png 300w, https:\/\/pamurtech.com\/wp-content\/uploads\/2023\/09\/Kaspersky-partner-ufficiale.png 510w\" sizes=\"(max-width: 113px) 100vw, 113px\" \/><\/h3><h3 style=\"text-align: center;\">KASPERSKY<\/h3><p>Somos Partner y Reseller Autorizado para venta y distribuci\u00f3n de soluciones antivirus de Kaspersky.<\/p><p>Tenemos disponibles:<\/p><p>-Kaspersky Antivirus<\/p><p>-Kaspersky Internet Security<\/p><p>-Soluciones para empresas<\/p>\t\t\t\t\t\t\t\t<\/div>\n\t\t\t\t<\/div>\n\t\t\t\t\t<\/div>\n\t\t<\/div>\n\t\t\t\t\t<\/div>\n\t\t<\/section>\n\t\t\t\t<section class=\"elementor-section elementor-top-section elementor-element elementor-element-2f6eefa elementor-section-boxed elementor-section-height-default elementor-section-height-default\" data-id=\"2f6eefa\" data-element_type=\"section\">\n\t\t\t\t\t\t<div class=\"elementor-container elementor-column-gap-default\">\n\t\t\t\t\t<div class=\"elementor-column elementor-col-33 elementor-top-column elementor-element elementor-element-1f613d3\" data-id=\"1f613d3\" data-element_type=\"column\">\n\t\t\t<div class=\"elementor-widget-wrap elementor-element-populated\">\n\t\t\t\t\t\t<div class=\"elementor-element elementor-element-ee2b0f5 elementor-widget elementor-widget-text-editor\" data-id=\"ee2b0f5\" data-element_type=\"widget\" data-widget_type=\"text-editor.default\">\n\t\t\t\t<div class=\"elementor-widget-container\">\n\t\t\t\t\t\t\t\t\t<h2><img loading=\"lazy\" decoding=\"async\" class=\"wp-image-3138 aligncenter\" src=\"https:\/\/pamurtech.com\/wp-content\/uploads\/2023\/08\/Lenovo360_Intelligent-Devices-Partner_Authorized_Emblem-300x128.jpg\" alt=\"\" width=\"232\" height=\"99\" srcset=\"https:\/\/pamurtech.com\/wp-content\/uploads\/2023\/08\/Lenovo360_Intelligent-Devices-Partner_Authorized_Emblem-300x128.jpg 300w, https:\/\/pamurtech.com\/wp-content\/uploads\/2023\/08\/Lenovo360_Intelligent-Devices-Partner_Authorized_Emblem.jpg 581w\" sizes=\"(max-width: 232px) 100vw, 232px\" \/><\/h2><h2 style=\"text-align: center;\">Lenovo<\/h2><p>Actualmente somos Partner Autorizados Lenovo, marca multinacional y un gigante dentro de la industria tecnol\u00f3gica que nos respalda en los productos computacionales de la l\u00ednea corporativa Thinkpad.<\/p>\t\t\t\t\t\t\t\t<\/div>\n\t\t\t\t<\/div>\n\t\t\t\t\t<\/div>\n\t\t<\/div>\n\t\t\t\t<div class=\"elementor-column elementor-col-33 elementor-top-column elementor-element elementor-element-cc390ac\" data-id=\"cc390ac\" data-element_type=\"column\">\n\t\t\t<div class=\"elementor-widget-wrap elementor-element-populated\">\n\t\t\t\t\t\t<div class=\"elementor-element elementor-element-81d7de7 elementor-widget elementor-widget-text-editor\" data-id=\"81d7de7\" data-element_type=\"widget\" data-widget_type=\"text-editor.default\">\n\t\t\t\t<div class=\"elementor-widget-container\">\n\t\t\t\t\t\t\t\t\t<h2><img loading=\"lazy\" decoding=\"async\" class=\"alignnone wp-image-3197 \" src=\"https:\/\/pamurtech.com\/wp-content\/uploads\/2023\/09\/Partner-autorizado-Bitdefender-300x110.png\" alt=\"\" width=\"341\" height=\"125\" srcset=\"https:\/\/pamurtech.com\/wp-content\/uploads\/2023\/09\/Partner-autorizado-Bitdefender-300x110.png 300w, https:\/\/pamurtech.com\/wp-content\/uploads\/2023\/09\/Partner-autorizado-Bitdefender-768x282.png 768w, https:\/\/pamurtech.com\/wp-content\/uploads\/2023\/09\/Partner-autorizado-Bitdefender.png 966w\" sizes=\"(max-width: 341px) 100vw, 341px\" \/><\/h2><h2 style=\"text-align: center;\">BitDefender<\/h2><p>Somos Parner directo de la marca antivirus BitDefender, empresa que proporciona soluciones antivirus, firewall, antispyware, antispam y control parental para usuarios corporativos y dom\u00e9sticos.<\/p><p>Tenemos disponibles:<\/p><p>-BitDefender Antivirus Plus<\/p><p>-BitDefender Total Security<\/p><p>-BitDefender Mobile Security<\/p>\t\t\t\t\t\t\t\t<\/div>\n\t\t\t\t<\/div>\n\t\t\t\t\t<\/div>\n\t\t<\/div>\n\t\t\t\t<div class=\"elementor-column elementor-col-33 elementor-top-column elementor-element elementor-element-3c53aee\" data-id=\"3c53aee\" data-element_type=\"column\">\n\t\t\t<div class=\"elementor-widget-wrap elementor-element-populated\">\n\t\t\t\t\t\t<div class=\"elementor-element elementor-element-ec961b6 elementor-widget elementor-widget-text-editor\" data-id=\"ec961b6\" data-element_type=\"widget\" data-widget_type=\"text-editor.default\">\n\t\t\t\t<div class=\"elementor-widget-container\">\n\t\t\t\t\t\t\t\t\t<h2><img loading=\"lazy\" decoding=\"async\" class=\"alignnone size-medium wp-image-3368\" src=\"https:\/\/pamurtech.com\/wp-content\/uploads\/2024\/01\/Sin-titulo-4-300x215.png\" alt=\"\" width=\"300\" height=\"215\" srcset=\"https:\/\/pamurtech.com\/wp-content\/uploads\/2024\/01\/Sin-titulo-4-300x215.png 300w, https:\/\/pamurtech.com\/wp-content\/uploads\/2024\/01\/Sin-titulo-4.png 317w\" sizes=\"(max-width: 300px) 100vw, 300px\" \/><\/h2><h2 style=\"text-align: center;\">IDRIX Contable<\/h2><p>Somos Partner directo de la marca IDRIX Technology, empresa que proporciona principalmente desarrollo de software y aplicaiones m\u00f3viles, software contable y facturaci\u00f3n electr\u00f3nica.<\/p><p>Tenemos la distribuci\u00f3n de su software IDRIX CONTABLE y Facturaci\u00f3n Electr\u00f3nica en sus planes:<\/p><p>-Facturero (proximamente)<\/p><p>-IDRIX Contable Plan Basic<\/p><p>-IDRIX Contable Plan Completo<\/p><p>-IDRIX Contable Premium (Bajo pedido)<\/p>\t\t\t\t\t\t\t\t<\/div>\n\t\t\t\t<\/div>\n\t\t\t\t\t<\/div>\n\t\t<\/div>\n\t\t\t\t\t<\/div>\n\t\t<\/section>\n\t\t\t\t<section class=\"elementor-section elementor-top-section elementor-element elementor-element-575bb17 elementor-section-boxed elementor-section-height-default elementor-section-height-default\" data-id=\"575bb17\" data-element_type=\"section\">\n\t\t\t\t\t\t<div class=\"elementor-container elementor-column-gap-default\">\n\t\t\t\t\t<div class=\"elementor-column elementor-col-100 elementor-top-column elementor-element elementor-element-e2b0035\" data-id=\"e2b0035\" data-element_type=\"column\">\n\t\t\t<div class=\"elementor-widget-wrap elementor-element-populated\">\n\t\t\t\t\t\t<div class=\"elementor-element elementor-element-457d5c8 elementor-widget elementor-widget-heading\" data-id=\"457d5c8\" data-element_type=\"widget\" data-widget_type=\"heading.default\">\n\t\t\t\t<div class=\"elementor-widget-container\">\n\t\t\t\t\t<h2 class=\"elementor-heading-title elementor-size-default\">ALIANZAS ESTRAT\u00c9GICAS<\/h2>\t\t\t\t<\/div>\n\t\t\t\t<\/div>\n\t\t\t\t\t<\/div>\n\t\t<\/div>\n\t\t\t\t\t<\/div>\n\t\t<\/section>\n\t\t\t\t<section class=\"elementor-section elementor-top-section elementor-element elementor-element-826d24a elementor-section-boxed elementor-section-height-default elementor-section-height-default\" data-id=\"826d24a\" data-element_type=\"section\">\n\t\t\t\t\t\t<div class=\"elementor-container elementor-column-gap-default\">\n\t\t\t\t\t<div class=\"elementor-column elementor-col-100 elementor-top-column elementor-element elementor-element-0c9d3c7\" data-id=\"0c9d3c7\" data-element_type=\"column\">\n\t\t\t<div class=\"elementor-widget-wrap elementor-element-populated\">\n\t\t\t\t\t\t<div class=\"elementor-element elementor-element-7cde9dd elementor-widget elementor-widget-image\" data-id=\"7cde9dd\" data-element_type=\"widget\" data-widget_type=\"image.default\">\n\t\t\t\t<div class=\"elementor-widget-container\">\n\t\t\t\t\t\t\t\t\t\t\t\t\t\t\t<img loading=\"lazy\" decoding=\"async\" width=\"906\" height=\"1280\" src=\"https:\/\/pamurtech.com\/wp-content\/uploads\/2023\/06\/WhatsApp-Image-2023-06-09-at-09.13.59.jpeg\" class=\"attachment-full size-full wp-image-2946\" alt=\"\" srcset=\"https:\/\/pamurtech.com\/wp-content\/uploads\/2023\/06\/WhatsApp-Image-2023-06-09-at-09.13.59.jpeg 906w, https:\/\/pamurtech.com\/wp-content\/uploads\/2023\/06\/WhatsApp-Image-2023-06-09-at-09.13.59-212x300.jpeg 212w, https:\/\/pamurtech.com\/wp-content\/uploads\/2023\/06\/WhatsApp-Image-2023-06-09-at-09.13.59-725x1024.jpeg 725w, https:\/\/pamurtech.com\/wp-content\/uploads\/2023\/06\/WhatsApp-Image-2023-06-09-at-09.13.59-768x1085.jpeg 768w, https:\/\/pamurtech.com\/wp-content\/uploads\/2023\/06\/WhatsApp-Image-2023-06-09-at-09.13.59-300x424.jpeg 300w\" sizes=\"(max-width: 906px) 100vw, 906px\" \/>\t\t\t\t\t\t\t\t\t\t\t\t\t\t\t<\/div>\n\t\t\t\t<\/div>\n\t\t\t\t\t<\/div>\n\t\t<\/div>\n\t\t\t\t\t<\/div>\n\t\t<\/section>\n\t\t\t\t<section class=\"elementor-section elementor-top-section elementor-element elementor-element-2c21234 elementor-section-boxed elementor-section-height-default elementor-section-height-default\" data-id=\"2c21234\" data-element_type=\"section\">\n\t\t\t\t\t\t<div class=\"elementor-container elementor-column-gap-default\">\n\t\t\t\t\t<div class=\"elementor-column elementor-col-100 elementor-top-column elementor-element elementor-element-7292a00\" data-id=\"7292a00\" data-element_type=\"column\">\n\t\t\t<div class=\"elementor-widget-wrap elementor-element-populated\">\n\t\t\t\t\t\t<div class=\"elementor-element elementor-element-156000b elementor-widget elementor-widget-text-editor\" data-id=\"156000b\" data-element_type=\"widget\" data-widget_type=\"text-editor.default\">\n\t\t\t\t<div class=\"elementor-widget-container\">\n\t\t\t\t\t\t\t\t\t<p>Contamos con alianza estrat\u00e9gica con una de las mejores asesor\u00edas legales, mencionando a PAMUR TECH, todos nuestros clientes pueden realizar su consulta legal de forma gratuita.<\/p>\t\t\t\t\t\t\t\t<\/div>\n\t\t\t\t<\/div>\n\t\t\t\t\t<\/div>\n\t\t<\/div>\n\t\t\t\t\t<\/div>\n\t\t<\/section>\n\t\t\t\t<section class=\"elementor-section elementor-top-section elementor-element elementor-element-7df2360 elementor-section-boxed elementor-section-height-default elementor-section-height-default\" data-id=\"7df2360\" data-element_type=\"section\">\n\t\t\t\t\t\t<div class=\"elementor-container elementor-column-gap-default\">\n\t\t\t\t\t<div class=\"elementor-column elementor-col-100 elementor-top-column elementor-element elementor-element-7867aae\" data-id=\"7867aae\" data-element_type=\"column\">\n\t\t\t<div class=\"elementor-widget-wrap elementor-element-populated\">\n\t\t\t\t\t\t<div class=\"elementor-element elementor-element-ec1dffc elementor-widget elementor-widget-image\" data-id=\"ec1dffc\" data-element_type=\"widget\" data-widget_type=\"image.default\">\n\t\t\t\t<div class=\"elementor-widget-container\">\n\t\t\t\t\t\t\t\t\t\t\t\t\t\t\t<img loading=\"lazy\" decoding=\"async\" width=\"513\" height=\"513\" src=\"https:\/\/pamurtech.com\/wp-content\/uploads\/2024\/01\/Logo-de-iDrix-Technology.png\" class=\"attachment-large size-large wp-image-3372\" alt=\"\" srcset=\"https:\/\/pamurtech.com\/wp-content\/uploads\/2024\/01\/Logo-de-iDrix-Technology.png 513w, https:\/\/pamurtech.com\/wp-content\/uploads\/2024\/01\/Logo-de-iDrix-Technology-300x300.png 300w, https:\/\/pamurtech.com\/wp-content\/uploads\/2024\/01\/Logo-de-iDrix-Technology-150x150.png 150w, https:\/\/pamurtech.com\/wp-content\/uploads\/2024\/01\/Logo-de-iDrix-Technology-100x100.png 100w\" sizes=\"(max-width: 513px) 100vw, 513px\" \/>\t\t\t\t\t\t\t\t\t\t\t\t\t\t\t<\/div>\n\t\t\t\t<\/div>\n\t\t\t\t\t<\/div>\n\t\t<\/div>\n\t\t\t\t\t<\/div>\n\t\t<\/section>\n\t\t\t\t<section class=\"elementor-section elementor-top-section elementor-element elementor-element-2be562e elementor-section-boxed elementor-section-height-default elementor-section-height-default\" data-id=\"2be562e\" data-element_type=\"section\">\n\t\t\t\t\t\t<div class=\"elementor-container elementor-column-gap-default\">\n\t\t\t\t\t<div class=\"elementor-column elementor-col-100 elementor-top-column elementor-element elementor-element-a0a3b0f\" data-id=\"a0a3b0f\" data-element_type=\"column\">\n\t\t\t<div class=\"elementor-widget-wrap elementor-element-populated\">\n\t\t\t\t\t\t<div class=\"elementor-element elementor-element-de5d11e elementor-widget elementor-widget-text-editor\" data-id=\"de5d11e\" data-element_type=\"widget\" data-widget_type=\"text-editor.default\">\n\t\t\t\t<div class=\"elementor-widget-container\">\n\t\t\t\t\t\t\t\t\t<p>Mediante nuestro convenio de cooperaci\u00f3n realizado con la empresa IDRIX Technology, ponemos al servicio de nuestros clientes\u00a0 quienes est\u00e9n en la necesidad de solicitar servicios avanzados de software contable y aplicaciones contables hechas a medida y exclusivas para satisfacer las necesidades particulares de su empresa.<\/p>\t\t\t\t\t\t\t\t<\/div>\n\t\t\t\t<\/div>\n\t\t\t\t\t<\/div>\n\t\t<\/div>\n\t\t\t\t\t<\/div>\n\t\t<\/section>\n\t\t\t\t<\/div>\n\t\t","protected":false},"excerpt":{"rendered":"<p>SOMOS PARTNER Y RESELLER PARA VENTA Y DISTRIBUCI\u00d3N DE LICENCIAMIENTO DE SOFTWARE\u200b ESETSomos Partner y Reseller Autorizado para venta y distribuci\u00f3n de soluciones antivirus de ESET.Tenemos disponibles:-ESET NOD32 Antivirus-ESET Internet &#8230;<\/p>\n","protected":false},"author":21,"featured_media":0,"parent":0,"menu_order":0,"comment_status":"closed","ping_status":"closed","template":"","meta":{"footnotes":""},"class_list":["post-2601","page","type-page","status-publish","hentry"],"rise-blocks_excerpt":"SOMOS PARTNER Y RESELLER PARA VENTA Y DISTRIBUCI\u00d3N DE LICENCIAMIENTO DE SOFTWARE\u200b ESETSomos Partner y Reseller Autorizado para venta y distribuci\u00f3n de soluciones antivirus de ESET.Tenemos disponibles:-ESET NOD32 Antivirus-ESET Internet..","_links":{"self":[{"href":"https:\/\/pamurtech.com\/index.php?rest_route=\/wp\/v2\/pages\/2601","targetHints":{"allow":["GET"]}}],"collection":[{"href":"https:\/\/pamurtech.com\/index.php?rest_route=\/wp\/v2\/pages"}],"about":[{"href":"https:\/\/pamurtech.com\/index.php?rest_route=\/wp\/v2\/types\/page"}],"author":[{"embeddable":true,"href":"https:\/\/pamurtech.com\/index.php?rest_route=\/wp\/v2\/users\/21"}],"replies":[{"embeddable":true,"href":"https:\/\/pamurtech.com\/index.php?rest_route=%2Fwp%2Fv2%2Fcomments&post=2601"}],"version-history":[{"count":77,"href":"https:\/\/pamurtech.com\/index.php?rest_route=\/wp\/v2\/pages\/2601\/revisions"}],"predecessor-version":[{"id":3388,"href":"https:\/\/pamurtech.com\/index.php?rest_route=\/wp\/v2\/pages\/2601\/revisions\/3388"}],"wp:attachment":[{"href":"https:\/\/pamurtech.com\/index.php?rest_route=%2Fwp%2Fv2%2Fmedia&parent=2601"}],"curies":[{"name":"wp","href":"https:\/\/api.w.org\/{rel}","templated":true}]}}