{"id":1744,"date":"2022-01-13T17:09:48","date_gmt":"2022-01-13T17:09:48","guid":{"rendered":"https:\/\/pamurtech.com\/?post_type=product&#038;p=1744"},"modified":"2023-03-15T01:40:58","modified_gmt":"2023-03-15T01:40:58","slug":"soporte-tecnico","status":"publish","type":"product","link":"https:\/\/pamurtech.com\/?product=soporte-tecnico","title":{"rendered":"DIAGN\u00d3STICO\/RECEPCI\u00d3N EQUIPOS SERVICIO T\u00c9CNICO\/MANO OBRA"},"content":{"rendered":"Revisi\u00f3n y Diagn\u00f3stico de equipos, mano de obra de servicio t\u00e9cnico (si aplica)\r\n\r\n*El costo de reparaci\u00f3n se le informar\u00e1 al cliente antes de realizar cualquier trabajo en el equipo.","protected":false},"excerpt":{"rendered":"<p>Revisi\u00f3n y Diagn\u00f3stico de equipos, mano de obra de servicio t\u00e9cnico (si aplica) *El costo de reparaci\u00f3n se le informar\u00e1 al cliente antes de realizar cualquier trabajo en el equipo.<\/p>\n","protected":false},"featured_media":1862,"template":"","meta":[],"product_cat":[66],"product_tag":[],"class_list":{"0":"post-1744","1":"product","2":"type-product","3":"status-publish","4":"has-post-thumbnail","6":"product_cat-soporte-servicios","8":"first","9":"instock","10":"virtual","11":"sold-individually","12":"taxable","13":"purchasable","14":"product-type-simple"},"_links":{"self":[{"href":"https:\/\/pamurtech.com\/index.php?rest_route=\/wp\/v2\/product\/1744","targetHints":{"allow":["GET"]}}],"collection":[{"href":"https:\/\/pamurtech.com\/index.php?rest_route=\/wp\/v2\/product"}],"about":[{"href":"https:\/\/pamurtech.com\/index.php?rest_route=\/wp\/v2\/types\/product"}],"wp:featuredmedia":[{"embeddable":true,"href":"https:\/\/pamurtech.com\/index.php?rest_route=\/wp\/v2\/media\/1862"}],"wp:attachment":[{"href":"https:\/\/pamurtech.com\/index.php?rest_route=%2Fwp%2Fv2%2Fmedia&parent=1744"}],"wp:term":[{"taxonomy":"product_cat","embeddable":true,"href":"https:\/\/pamurtech.com\/index.php?rest_route=%2Fwp%2Fv2%2Fproduct_cat&post=1744"},{"taxonomy":"product_tag","embeddable":true,"href":"https:\/\/pamurtech.com\/index.php?rest_route=%2Fwp%2Fv2%2Fproduct_tag&post=1744"}],"curies":[{"name":"wp","href":"https:\/\/api.w.org\/{rel}","templated":true}]}}