{"id":2197,"date":"2022-10-24T23:04:04","date_gmt":"2022-10-24T23:04:04","guid":{"rendered":"https:\/\/pamurtech.com\/?post_type=product&#038;p=2197"},"modified":"2024-02-09T18:18:20","modified_gmt":"2024-02-09T18:18:20","slug":"licencia-microsoft-office-365-5-disp","status":"publish","type":"product","link":"https:\/\/pamurtech.com\/?product=licencia-microsoft-office-365-5-disp","title":{"rendered":"LICENCIA MICROSOFT OFFICE 365 5 DISP"},"content":{"rendered":"<ul>\r\n \t<li>Compatible con Windows (8, 10 y 11), Mac (macOS 10.15 Catalina o superior), iOS y Android.<\/li>\r\n \t<li>El producto es una cuenta de Microsoft nueva (Correo + contrase\u00f1a), obtendr\u00e1 las credenciales de acceso para poder descargar e instalar Office 365 en sus dispositivos.<\/li>\r\n \t<li>Compatible para descargar e instalar Office 365 en los dispositivos<\/li>\r\n \t<li>Duraci\u00f3n de la suscripci\u00f3n 3 a\u00f1os<\/li>\r\n<\/ul>","protected":false},"excerpt":{"rendered":"<p>Compatible con Windows (8, 10 y 11), Mac (macOS 10.15 Catalina o superior), iOS y Android. El producto es una cuenta de Microsoft nueva (Correo + contrase\u00f1a), obtendr\u00e1 las credenciales &#8230;<\/p>\n","protected":false},"featured_media":0,"template":"","meta":[],"product_cat":[61],"product_tag":[],"class_list":{"0":"post-2197","1":"product","2":"type-product","3":"status-publish","5":"product_cat-licencias-software","7":"first","8":"instock","9":"virtual","10":"taxable","11":"purchasable","12":"product-type-simple"},"_links":{"self":[{"href":"https:\/\/pamurtech.com\/index.php?rest_route=\/wp\/v2\/product\/2197","targetHints":{"allow":["GET"]}}],"collection":[{"href":"https:\/\/pamurtech.com\/index.php?rest_route=\/wp\/v2\/product"}],"about":[{"href":"https:\/\/pamurtech.com\/index.php?rest_route=\/wp\/v2\/types\/product"}],"wp:attachment":[{"href":"https:\/\/pamurtech.com\/index.php?rest_route=%2Fwp%2Fv2%2Fmedia&parent=2197"}],"wp:term":[{"taxonomy":"product_cat","embeddable":true,"href":"https:\/\/pamurtech.com\/index.php?rest_route=%2Fwp%2Fv2%2Fproduct_cat&post=2197"},{"taxonomy":"product_tag","embeddable":true,"href":"https:\/\/pamurtech.com\/index.php?rest_route=%2Fwp%2Fv2%2Fproduct_tag&post=2197"}],"curies":[{"name":"wp","href":"https:\/\/api.w.org\/{rel}","templated":true}]}}