{"id":2591,"date":"2023-02-28T17:08:02","date_gmt":"2023-02-28T17:08:02","guid":{"rendered":"https:\/\/pamurtech.com\/?post_type=product&#038;p=2591"},"modified":"2024-01-23T19:21:53","modified_gmt":"2024-01-23T19:21:53","slug":"licencia-eset-nod32-antivirus-2-disp-1-ano","status":"publish","type":"product","link":"https:\/\/pamurtech.com\/?product=licencia-eset-nod32-antivirus-2-disp-1-ano","title":{"rendered":"LICENCIA ESET NOD32 ANTIVIRUS 2 DISP 1 A\u00d1O"},"content":{"rendered":"Licencia ESD\r\nV\u00e1lida 1 a\u00f1o 2 Dispositivo\r\nESET NOD32 Antivirus\r\n*Colocar correctamente el correo al momento de comprar, la licencia le llegar\u00e1 al correo electr\u00f3nico ingresado.\r\n\r\n*Tiempo de despacho de licencia 2hrs aproximadamente una vez confirmado el pago.\r\n\r\n*Revisar en bandeja de entrada y correo no deseado.","protected":false},"excerpt":{"rendered":"<p>Licencia ESD V\u00e1lida 1 a\u00f1o 2 Dispositivo ESET NOD32 Antivirus *Colocar correctamente el correo al momento de comprar, la licencia le llegar\u00e1 al correo electr\u00f3nico ingresado. *Tiempo de despacho de &#8230;<\/p>\n","protected":false},"featured_media":3346,"template":"","meta":[],"product_cat":[61],"product_tag":[],"class_list":{"0":"post-2591","1":"product","2":"type-product","3":"status-publish","4":"has-post-thumbnail","6":"product_cat-licencias-software","8":"first","9":"instock","10":"virtual","11":"taxable","12":"purchasable","13":"product-type-simple"},"_links":{"self":[{"href":"https:\/\/pamurtech.com\/index.php?rest_route=\/wp\/v2\/product\/2591","targetHints":{"allow":["GET"]}}],"collection":[{"href":"https:\/\/pamurtech.com\/index.php?rest_route=\/wp\/v2\/product"}],"about":[{"href":"https:\/\/pamurtech.com\/index.php?rest_route=\/wp\/v2\/types\/product"}],"wp:featuredmedia":[{"embeddable":true,"href":"https:\/\/pamurtech.com\/index.php?rest_route=\/wp\/v2\/media\/3346"}],"wp:attachment":[{"href":"https:\/\/pamurtech.com\/index.php?rest_route=%2Fwp%2Fv2%2Fmedia&parent=2591"}],"wp:term":[{"taxonomy":"product_cat","embeddable":true,"href":"https:\/\/pamurtech.com\/index.php?rest_route=%2Fwp%2Fv2%2Fproduct_cat&post=2591"},{"taxonomy":"product_tag","embeddable":true,"href":"https:\/\/pamurtech.com\/index.php?rest_route=%2Fwp%2Fv2%2Fproduct_tag&post=2591"}],"curies":[{"name":"wp","href":"https:\/\/api.w.org\/{rel}","templated":true}]}}