{"id":2762,"date":"2023-03-31T18:14:17","date_gmt":"2023-03-31T18:14:17","guid":{"rendered":"https:\/\/pamurtech.com\/?post_type=product&#038;p=2762"},"modified":"2024-01-31T18:58:45","modified_gmt":"2024-01-31T18:58:45","slug":"licencia-autocad-lt-2024","status":"publish","type":"product","link":"https:\/\/pamurtech.com\/?product=licencia-autocad-lt-2024","title":{"rendered":"LICENCIA AUTOCAD LT 2024"},"content":{"rendered":"<ul>\r\n \t<li>V\u00e1lida por 1 a\u00f1o<\/li>\r\n \t<li>Compatible con MAC\/PC<\/li>\r\n \t<li>Distribuci\u00f3n ESD<\/li>\r\n \t<li>*Verificar el correo electr\u00f3nico ingresado, el c\u00f3digo de activaci\u00f3n de licencia se le enviar\u00e1 a la direcci\u00f3n de correo ingresada<\/li>\r\n<\/ul>\r\n&nbsp;\r\n\r\n&nbsp;\r\n\r\n&nbsp;","protected":false},"excerpt":{"rendered":"<p>V\u00e1lida por 1 a\u00f1o Compatible con MAC\/PC Distribuci\u00f3n ESD *Verificar el correo electr\u00f3nico ingresado, el c\u00f3digo de activaci\u00f3n de licencia se le enviar\u00e1 a la direcci\u00f3n de correo ingresada &nbsp; &#8230;<\/p>\n","protected":false},"featured_media":2763,"template":"","meta":[],"product_cat":[61],"product_tag":[],"class_list":{"0":"post-2762","1":"product","2":"type-product","3":"status-publish","4":"has-post-thumbnail","6":"product_cat-licencias-software","8":"first","9":"instock","10":"sale","11":"virtual","12":"taxable","13":"purchasable","14":"product-type-simple"},"_links":{"self":[{"href":"https:\/\/pamurtech.com\/index.php?rest_route=\/wp\/v2\/product\/2762","targetHints":{"allow":["GET"]}}],"collection":[{"href":"https:\/\/pamurtech.com\/index.php?rest_route=\/wp\/v2\/product"}],"about":[{"href":"https:\/\/pamurtech.com\/index.php?rest_route=\/wp\/v2\/types\/product"}],"wp:featuredmedia":[{"embeddable":true,"href":"https:\/\/pamurtech.com\/index.php?rest_route=\/wp\/v2\/media\/2763"}],"wp:attachment":[{"href":"https:\/\/pamurtech.com\/index.php?rest_route=%2Fwp%2Fv2%2Fmedia&parent=2762"}],"wp:term":[{"taxonomy":"product_cat","embeddable":true,"href":"https:\/\/pamurtech.com\/index.php?rest_route=%2Fwp%2Fv2%2Fproduct_cat&post=2762"},{"taxonomy":"product_tag","embeddable":true,"href":"https:\/\/pamurtech.com\/index.php?rest_route=%2Fwp%2Fv2%2Fproduct_tag&post=2762"}],"curies":[{"name":"wp","href":"https:\/\/api.w.org\/{rel}","templated":true}]}}