{"id":3255,"date":"2023-10-26T17:56:10","date_gmt":"2023-10-26T17:56:10","guid":{"rendered":"https:\/\/pamurtech.com\/?post_type=product&#038;p=3255"},"modified":"2024-01-31T18:54:30","modified_gmt":"2024-01-31T18:54:30","slug":"licencia-canva-pro-mensual","status":"publish","type":"product","link":"https:\/\/pamurtech.com\/?product=licencia-canva-pro-mensual","title":{"rendered":"LICENCIA CANVA PRO MENSUAL"},"content":{"rendered":"<ul>\r\n \t<li>Suscripci\u00f3n v\u00e1lida con su correo electr\u00f3nico<\/li>\r\n \t<li>Tiempo de suscripci\u00f3n 1 MES<\/li>\r\n \t<li>*Ingresar correctamente su correo electr\u00f3nico ya que se vincular\u00e1 y despachara al correo ingresado<\/li>\r\n<\/ul>","protected":false},"excerpt":{"rendered":"<p>Suscripci\u00f3n v\u00e1lida con su correo electr\u00f3nico Tiempo de suscripci\u00f3n 1 MES *Ingresar correctamente su correo electr\u00f3nico ya que se vincular\u00e1 y despachara al correo ingresado<\/p>\n","protected":false},"featured_media":3254,"template":"","meta":[],"product_cat":[61],"product_tag":[],"class_list":{"0":"post-3255","1":"product","2":"type-product","3":"status-publish","4":"has-post-thumbnail","6":"product_cat-licencias-software","8":"first","9":"instock","10":"virtual","11":"taxable","12":"purchasable","13":"product-type-simple"},"_links":{"self":[{"href":"https:\/\/pamurtech.com\/index.php?rest_route=\/wp\/v2\/product\/3255","targetHints":{"allow":["GET"]}}],"collection":[{"href":"https:\/\/pamurtech.com\/index.php?rest_route=\/wp\/v2\/product"}],"about":[{"href":"https:\/\/pamurtech.com\/index.php?rest_route=\/wp\/v2\/types\/product"}],"wp:featuredmedia":[{"embeddable":true,"href":"https:\/\/pamurtech.com\/index.php?rest_route=\/wp\/v2\/media\/3254"}],"wp:attachment":[{"href":"https:\/\/pamurtech.com\/index.php?rest_route=%2Fwp%2Fv2%2Fmedia&parent=3255"}],"wp:term":[{"taxonomy":"product_cat","embeddable":true,"href":"https:\/\/pamurtech.com\/index.php?rest_route=%2Fwp%2Fv2%2Fproduct_cat&post=3255"},{"taxonomy":"product_tag","embeddable":true,"href":"https:\/\/pamurtech.com\/index.php?rest_route=%2Fwp%2Fv2%2Fproduct_tag&post=3255"}],"curies":[{"name":"wp","href":"https:\/\/api.w.org\/{rel}","templated":true}]}}