{"id":3318,"date":"2024-01-04T15:52:51","date_gmt":"2024-01-04T15:52:51","guid":{"rendered":"https:\/\/pamurtech.com\/?post_type=product&#038;p=3318"},"modified":"2025-10-03T22:29:56","modified_gmt":"2025-10-03T22:29:56","slug":"pc-punto-de-venta-pos","status":"publish","type":"product","link":"https:\/\/pamurtech.com\/?product=pc-punto-de-venta-pos","title":{"rendered":"PC PUNTO DE VENTA POS"},"content":{"rendered":"<ul>\r\n \t<li>Computador Completo Caracter\u00edsticas:<\/li>\r\n \t<li>Intel Core i3<\/li>\r\n \t<li>8GB RAM<\/li>\r\n \t<li>128GB SSD<\/li>\r\n \t<li>Windows 10<\/li>\r\n \t<li>Equipo Incluye:<\/li>\r\n \t<li>Impresora T\u00e9rmica<\/li>\r\n \t<li>Lector de C\u00f3digo de Barras<\/li>\r\n \t<li>Caj\u00f3n de Dinero<\/li>\r\n \t<li><strong>INCLUYE\u00a0 SISTEMA DE FACTURACI\u00d3N ELECTR\u00d3NICA 1 A\u00d1O<\/strong><\/li>\r\n \t<li>Emisi\u00f3n de 500\u00a0 comprobantes<\/li>\r\n \t<li>Reportes<\/li>\r\n \t<li>M\u00f3dulo Inventarios<\/li>\r\n \t<li>Bussines Inteligence<\/li>\r\n \t<li>M\u00f3dulo Bancos<\/li>\r\n \t<li>Env\u00edo de factura al whatsapp del cliente<\/li>\r\n \t<li>Garant\u00eda en equipo 1 a\u00f1o<\/li>\r\n<\/ul>\r\n&nbsp;","protected":false},"excerpt":{"rendered":"<p>Computador Completo Caracter\u00edsticas: Intel Core i3 8GB RAM 128GB SSD Windows 10 Equipo Incluye: Impresora T\u00e9rmica Lector de C\u00f3digo de Barras Caj\u00f3n de Dinero INCLUYE\u00a0 SISTEMA DE FACTURACI\u00d3N ELECTR\u00d3NICA 1 &#8230;<\/p>\n","protected":false},"featured_media":3319,"template":"","meta":[],"product_cat":[22],"product_tag":[],"class_list":{"0":"post-3318","1":"product","2":"type-product","3":"status-publish","4":"has-post-thumbnail","6":"product_cat-notebooks","8":"first","9":"instock","10":"sale","11":"taxable","12":"shipping-taxable","13":"purchasable","14":"product-type-simple"},"_links":{"self":[{"href":"https:\/\/pamurtech.com\/index.php?rest_route=\/wp\/v2\/product\/3318","targetHints":{"allow":["GET"]}}],"collection":[{"href":"https:\/\/pamurtech.com\/index.php?rest_route=\/wp\/v2\/product"}],"about":[{"href":"https:\/\/pamurtech.com\/index.php?rest_route=\/wp\/v2\/types\/product"}],"wp:featuredmedia":[{"embeddable":true,"href":"https:\/\/pamurtech.com\/index.php?rest_route=\/wp\/v2\/media\/3319"}],"wp:attachment":[{"href":"https:\/\/pamurtech.com\/index.php?rest_route=%2Fwp%2Fv2%2Fmedia&parent=3318"}],"wp:term":[{"taxonomy":"product_cat","embeddable":true,"href":"https:\/\/pamurtech.com\/index.php?rest_route=%2Fwp%2Fv2%2Fproduct_cat&post=3318"},{"taxonomy":"product_tag","embeddable":true,"href":"https:\/\/pamurtech.com\/index.php?rest_route=%2Fwp%2Fv2%2Fproduct_tag&post=3318"}],"curies":[{"name":"wp","href":"https:\/\/api.w.org\/{rel}","templated":true}]}}