{"id":3397,"date":"2024-02-09T04:44:36","date_gmt":"2024-02-09T04:44:36","guid":{"rendered":"https:\/\/pamurtech.com\/?post_type=product&#038;p=3397"},"modified":"2024-11-14T19:47:32","modified_gmt":"2024-11-14T19:47:32","slug":"suscripcion-magistv-90-dias","status":"publish","type":"product","link":"https:\/\/pamurtech.com\/?product=suscripcion-magistv-90-dias","title":{"rendered":"SUSCRIPCI\u00d3N FLUJOTV 90 D\u00cdAS"},"content":{"rendered":"<ul>\r\n \t<li>Compatible con M\u00f3vil y TV<\/li>\r\n \t<li>Compatible con 3 pantallas 90 d\u00edas<\/li>\r\n \t<li>Disponible renovaci\u00f3n<\/li>\r\n \t<li>*Se entrega usuario y contrase\u00f1a<\/li>\r\n \t<li>Tiempo de despacho 1hrs aprox.<\/li>\r\n<\/ul>","protected":false},"excerpt":{"rendered":"<p>Compatible con M\u00f3vil y TV Compatible con 3 pantallas 90 d\u00edas Disponible renovaci\u00f3n *Se entrega usuario y contrase\u00f1a Tiempo de despacho 1hrs aprox.<\/p>\n","protected":false},"featured_media":3667,"template":"","meta":[],"product_cat":[67],"product_tag":[],"class_list":{"0":"post-3397","1":"product","2":"type-product","3":"status-publish","4":"has-post-thumbnail","6":"product_cat-suscripcion-streaming","8":"first","9":"instock","10":"virtual","11":"taxable","12":"purchasable","13":"product-type-simple"},"_links":{"self":[{"href":"https:\/\/pamurtech.com\/index.php?rest_route=\/wp\/v2\/product\/3397","targetHints":{"allow":["GET"]}}],"collection":[{"href":"https:\/\/pamurtech.com\/index.php?rest_route=\/wp\/v2\/product"}],"about":[{"href":"https:\/\/pamurtech.com\/index.php?rest_route=\/wp\/v2\/types\/product"}],"wp:featuredmedia":[{"embeddable":true,"href":"https:\/\/pamurtech.com\/index.php?rest_route=\/wp\/v2\/media\/3667"}],"wp:attachment":[{"href":"https:\/\/pamurtech.com\/index.php?rest_route=%2Fwp%2Fv2%2Fmedia&parent=3397"}],"wp:term":[{"taxonomy":"product_cat","embeddable":true,"href":"https:\/\/pamurtech.com\/index.php?rest_route=%2Fwp%2Fv2%2Fproduct_cat&post=3397"},{"taxonomy":"product_tag","embeddable":true,"href":"https:\/\/pamurtech.com\/index.php?rest_route=%2Fwp%2Fv2%2Fproduct_tag&post=3397"}],"curies":[{"name":"wp","href":"https:\/\/api.w.org\/{rel}","templated":true}]}}