{"id":3400,"date":"2024-02-09T04:50:37","date_gmt":"2024-02-09T04:50:37","guid":{"rendered":"https:\/\/pamurtech.com\/?post_type=product&#038;p=3400"},"modified":"2024-02-09T19:42:04","modified_gmt":"2024-02-09T19:42:04","slug":"suscripcion-spotify-premium-180-dias","status":"publish","type":"product","link":"https:\/\/pamurtech.com\/?product=suscripcion-spotify-premium-180-dias","title":{"rendered":"SUSCRIPCI\u00d3N SPOTIFY PREMIUM 90 D\u00cdAS"},"content":{"rendered":"<ul>\r\n \t<li>Duraci\u00f3n 3 meses versi\u00f3n premium<\/li>\r\n \t<li>Disponible para renovaci\u00f3n<\/li>\r\n \t<li>*Se entrega cuenta con usuario y contrase\u00f1a<\/li>\r\n \t<li>Tiempo de despacho 2hrs aprox.<\/li>\r\n<\/ul>","protected":false},"excerpt":{"rendered":"<p>Duraci\u00f3n 3 meses versi\u00f3n premium Disponible para renovaci\u00f3n *Se entrega cuenta con usuario y contrase\u00f1a Tiempo de despacho 2hrs aprox.<\/p>\n","protected":false},"featured_media":3401,"template":"","meta":[],"product_cat":[67],"product_tag":[],"class_list":{"0":"post-3400","1":"product","2":"type-product","3":"status-publish","4":"has-post-thumbnail","6":"product_cat-suscripcion-streaming","8":"first","9":"instock","10":"virtual","11":"taxable","12":"purchasable","13":"product-type-simple"},"_links":{"self":[{"href":"https:\/\/pamurtech.com\/index.php?rest_route=\/wp\/v2\/product\/3400","targetHints":{"allow":["GET"]}}],"collection":[{"href":"https:\/\/pamurtech.com\/index.php?rest_route=\/wp\/v2\/product"}],"about":[{"href":"https:\/\/pamurtech.com\/index.php?rest_route=\/wp\/v2\/types\/product"}],"wp:featuredmedia":[{"embeddable":true,"href":"https:\/\/pamurtech.com\/index.php?rest_route=\/wp\/v2\/media\/3401"}],"wp:attachment":[{"href":"https:\/\/pamurtech.com\/index.php?rest_route=%2Fwp%2Fv2%2Fmedia&parent=3400"}],"wp:term":[{"taxonomy":"product_cat","embeddable":true,"href":"https:\/\/pamurtech.com\/index.php?rest_route=%2Fwp%2Fv2%2Fproduct_cat&post=3400"},{"taxonomy":"product_tag","embeddable":true,"href":"https:\/\/pamurtech.com\/index.php?rest_route=%2Fwp%2Fv2%2Fproduct_tag&post=3400"}],"curies":[{"name":"wp","href":"https:\/\/api.w.org\/{rel}","templated":true}]}}